{"id":135,"date":"2022-01-23T14:31:14","date_gmt":"2022-01-23T13:31:14","guid":{"rendered":"https:\/\/ekogeosuwalki.pl\/?page_id=135"},"modified":"2022-01-23T14:44:00","modified_gmt":"2022-01-23T13:44:00","slug":"oferta","status":"publish","type":"page","link":"https:\/\/ekogeosuwalki.pl\/index.php\/oferta\/","title":{"rendered":"Oferta"},"content":{"rendered":"<div class=\"wp-block-ub-content-toggle\" id=\"ub-content-toggle-af8993ac-f293-4703-92f8-d0bc27bf2822\"data-mobilecollapse=\"true\" data-desktopcollapse=\"true\">\n<div id=\"\" class=\"wp-block-ub-content-toggle-accordion\"\">\n                <div class=\"wp-block-ub-content-toggle-accordion-title-wrap\" aria-expanded=\"false\" aria-controls=\"ub-content-toggle-panel-0-af8993ac-f293-4703-92f8-d0bc27bf2822\" tabindex=\"0\">\n                    <p class=\"wp-block-ub-content-toggle-accordion-title ub-content-toggle-title-af8993ac-f293-4703-92f8-d0bc27bf2822\">Geologia z\u0142o\u017cowa<\/p><div class=\"wp-block-ub-content-toggle-accordion-toggle-wrap right\"><span class=\"wp-block-ub-content-toggle-accordion-state-indicator wp-block-ub-chevron-down\"><\/span>\n                    <\/div><\/div><div role=\"region\" class=\"wp-block-ub-content-toggle-accordion-content-wrap ub-hide\" id=\"ub-content-toggle-panel-0-af8993ac-f293-4703-92f8-d0bc27bf2822\">\n\n<p>Wykonujemy kompleksowe us\u0142ugi w zakresie poszukiwania, dokumentowania i uzyskiwania koncesji dla z\u0142\u00f3\u017c surowc\u00f3w mineralnych. Nasz zesp\u00f3\u0142 posiada niezb\u0119dne kwalifikacje i uprawnienia nadane przez Ministra \u015arodowiska. Dzi\u0119ki wieloletniemu do\u015bwiadczeniu w zakresie dokumentowania z\u0142\u00f3\u017c zapewniamy sprawne prowadzenie prac, zgodnie z procedur\u0105 urz\u0119dnicz\u0105.&nbsp;<\/p>\n\n\n\n<p>Oferujemy Pa\u0144stwu:&nbsp;<\/p>\n\n\n\n<ul class=\"wp-block-list\"><li>sporz\u0105dzanie projekt\u00f3w rob\u00f3t geologicznych i dokumentacji geologicznych z\u0142\u00f3\u017c,<\/li><li>doz\u00f3r i kierowanie robotami geologicznymi,&nbsp;<\/li><li>rozpoznawanie z\u0142\u00f3\u017c otworami badawczymi,&nbsp;<\/li><li>wykonywanie kart informacyjnych przedsi\u0119wzi\u0119cia do decyzji \u015brodowiskowych oraz raport\u00f3w oddzia\u0142ywania na \u015brodowisko,&nbsp;<\/li><li>opracowanie projekt\u00f3w zagospodarowania z\u0142\u00f3\u017c, plan\u00f3w ruchu odkrywkowych zak\u0142ad\u00f3w g\u00f3rniczych i wniosk\u00f3w koncesyjnych,&nbsp;<\/li><li>sporz\u0105dzenie map g\u00f3rniczych oraz operat\u00f3w ewidencyjnych zasob\u00f3w z\u0142\u00f3\u017c,&nbsp;<\/li><li>wycen\u0119 informacji geologicznej,&nbsp;<\/li><li>obs\u0142ug\u0119 zak\u0142ad\u00f3w g\u00f3rniczych,&nbsp;<\/li><li>opracowanie projekt\u00f3w rekultywacji wyrobisk po eksploatacji z\u0142\u00f3\u017c.&nbsp;<\/li><\/ul>\n\n<\/div><\/div>\n\n<div id=\"\" class=\"wp-block-ub-content-toggle-accordion\"\">\n                <div class=\"wp-block-ub-content-toggle-accordion-title-wrap\" aria-expanded=\"false\" aria-controls=\"ub-content-toggle-panel-1-af8993ac-f293-4703-92f8-d0bc27bf2822\" tabindex=\"0\">\n                    <p class=\"wp-block-ub-content-toggle-accordion-title ub-content-toggle-title-af8993ac-f293-4703-92f8-d0bc27bf2822\">Hydrogeologia i gospodarka wodna<\/p><div class=\"wp-block-ub-content-toggle-accordion-toggle-wrap right\"><span class=\"wp-block-ub-content-toggle-accordion-state-indicator wp-block-ub-chevron-down\"><\/span>\n                    <\/div><\/div><div role=\"region\" class=\"wp-block-ub-content-toggle-accordion-content-wrap ub-hide\" id=\"ub-content-toggle-panel-1-af8993ac-f293-4703-92f8-d0bc27bf2822\">\n\n<p>Doradzimy oraz wykonamy projekty i opracowania niezb\u0119dna w procesie tworzenia nowego uj\u0119cia lub studni. Kompleksowa us\u0142uga w celu poszukiwania i dokumentowania zasob\u00f3w w\u00f3d podziemnych, ich monitoring oraz pozwolenia wodnoprawne.&nbsp;<\/p>\n\n\n\n<p>Oferujemy Pa\u0144stwu:&nbsp;<\/p>\n\n\n\n<ul class=\"wp-block-list\"><li>projekty rob\u00f3t geologicznych w zakresie hydrogeologii,<\/li><li>dokumentacje hydrogeologiczne,&nbsp;<\/li><li>dokumentacje okre\u015blaj\u0105ce warunki hydrogeologiczne dla projektowanych stacji paliw, wysypisk, cmentarzy, uci\u0105\u017cliwych zak\u0142ad\u00f3w produkcyjnych itp.&nbsp;<\/li><li>opinie i ekspertyzy hydrogeologiczne,&nbsp;<\/li><li>operaty wodnoprawne na wykonanie urz\u0105dze\u0144 wodnych, pob\u00f3r w\u00f3d,<\/li><li>opinie i ekspertyzy z zakresu Prawa Wodnego,&nbsp;<\/li><li>analizy ryzyka dla uj\u0119\u0107 w\u00f3d podziemnych.<\/li><\/ul>\n\n<\/div><\/div>\n\n<div id=\"\" class=\"wp-block-ub-content-toggle-accordion\"\">\n                <div class=\"wp-block-ub-content-toggle-accordion-title-wrap\" aria-expanded=\"false\" aria-controls=\"ub-content-toggle-panel-2-af8993ac-f293-4703-92f8-d0bc27bf2822\" tabindex=\"0\">\n                    <p class=\"wp-block-ub-content-toggle-accordion-title ub-content-toggle-title-af8993ac-f293-4703-92f8-d0bc27bf2822\">Wiercenia<\/p><div class=\"wp-block-ub-content-toggle-accordion-toggle-wrap right\"><span class=\"wp-block-ub-content-toggle-accordion-state-indicator wp-block-ub-chevron-down\"><\/span>\n                    <\/div><\/div><div role=\"region\" class=\"wp-block-ub-content-toggle-accordion-content-wrap ub-hide\" id=\"ub-content-toggle-panel-2-af8993ac-f293-4703-92f8-d0bc27bf2822\">\n\n<p>Odwierty geologiczne pozwalaj\u0105 nam rozpozna\u0107 i okre\u015bli\u0107 warunki gruntowo-wodne. Wykonujemy otwory studzienne, geotechniczne, z\u0142o\u017cowe i piezometry.&nbsp;<\/p>\n\n\n\n<p>Oferujemy Pa\u0144stwu:&nbsp;<\/p>\n\n\n\n<ul class=\"wp-block-list\"><li>wykonanie nowych studni wierconych,&nbsp;<\/li><li>renowacj\u0119 istniej\u0105cych studni wierconych,&nbsp;<\/li><li>pog\u0142\u0119bienie studni kopanych,&nbsp;<\/li><li>wykonanie otwor\u00f3w piezometrycznych,&nbsp;<\/li><li>pobieranie wody do analizy laboratoryjnej,&nbsp;<\/li><li>nadzory geologiczne w trakcie prac studziennych,&nbsp;<\/li><li>nadzory inwestorskie w trakcie prac geologiczno-studziennych.<\/li><\/ul>\n\n<\/div><\/div>\n\n<div id=\"\" class=\"wp-block-ub-content-toggle-accordion\"\">\n                <div class=\"wp-block-ub-content-toggle-accordion-title-wrap\" aria-expanded=\"false\" aria-controls=\"ub-content-toggle-panel-3-af8993ac-f293-4703-92f8-d0bc27bf2822\" tabindex=\"0\">\n                    <p class=\"wp-block-ub-content-toggle-accordion-title ub-content-toggle-title-af8993ac-f293-4703-92f8-d0bc27bf2822\">\u015arodowisko<\/p><div class=\"wp-block-ub-content-toggle-accordion-toggle-wrap right\"><span class=\"wp-block-ub-content-toggle-accordion-state-indicator wp-block-ub-chevron-down\"><\/span>\n                    <\/div><\/div><div role=\"region\" class=\"wp-block-ub-content-toggle-accordion-content-wrap ub-hide\" id=\"ub-content-toggle-panel-3-af8993ac-f293-4703-92f8-d0bc27bf2822\">\n\n<p>Wykonujemy wszelkie opracowania niezb\u0119dne w procesie inwestycyjnym \u2013 karty informacyjne przedsi\u0119wzi\u0119\u0107, ekspertyzy i raporty \u015brodowiskowe.&nbsp;<\/p>\n\n\n\n<p>Oferujemy Pa\u0144stwu:&nbsp;<\/p>\n\n\n\n<ul class=\"wp-block-list\"><li>karta informacyjna przedsi\u0119wzi\u0119cia do wniosku o uzyskanie decyzji o \u015brodowiskowych uwarunkowaniach,&nbsp;<\/li><li>raporty oddzia\u0142ywania na \u015brodowisko,&nbsp;<\/li><li>ekspertyzy z zakresu prawa ochrony \u015brodowiska, prawa wodnego.<\/li><\/ul>\n\n<\/div><\/div>\n<\/div>","protected":false},"excerpt":{"rendered":"","protected":false},"author":1,"featured_media":0,"parent":0,"menu_order":0,"comment_status":"closed","ping_status":"closed","template":"","meta":{"ub_ctt_via":"","_monsterinsights_skip_tracking":false,"_monsterinsights_sitenote_active":false,"_monsterinsights_sitenote_note":"","_monsterinsights_sitenote_category":0,"footnotes":""},"class_list":["post-135","page","type-page","status-publish","hentry"],"featured_image_src":null,"_links":{"self":[{"href":"https:\/\/ekogeosuwalki.pl\/index.php\/wp-json\/wp\/v2\/pages\/135","targetHints":{"allow":["GET"]}}],"collection":[{"href":"https:\/\/ekogeosuwalki.pl\/index.php\/wp-json\/wp\/v2\/pages"}],"about":[{"href":"https:\/\/ekogeosuwalki.pl\/index.php\/wp-json\/wp\/v2\/types\/page"}],"author":[{"embeddable":true,"href":"https:\/\/ekogeosuwalki.pl\/index.php\/wp-json\/wp\/v2\/users\/1"}],"replies":[{"embeddable":true,"href":"https:\/\/ekogeosuwalki.pl\/index.php\/wp-json\/wp\/v2\/comments?post=135"}],"version-history":[{"count":3,"href":"https:\/\/ekogeosuwalki.pl\/index.php\/wp-json\/wp\/v2\/pages\/135\/revisions"}],"predecessor-version":[{"id":141,"href":"https:\/\/ekogeosuwalki.pl\/index.php\/wp-json\/wp\/v2\/pages\/135\/revisions\/141"}],"wp:attachment":[{"href":"https:\/\/ekogeosuwalki.pl\/index.php\/wp-json\/wp\/v2\/media?parent=135"}],"curies":[{"name":"wp","href":"https:\/\/api.w.org\/{rel}","templated":true}]}}