{"id":2,"date":"2022-01-16T18:22:57","date_gmt":"2022-01-16T17:22:57","guid":{"rendered":"https:\/\/ekogeosuwalki.pl\/?page_id=2"},"modified":"2022-01-18T21:42:39","modified_gmt":"2022-01-18T20:42:39","slug":"strona-glowna","status":"publish","type":"page","link":"https:\/\/ekogeosuwalki.pl\/","title":{"rendered":"Strona g\u0142owa"},"content":{"rendered":"\n<h2 class=\"wp-block-heading\">O nas<\/h2>\n\n\n\n<p class=\"has-text-align-left\"><\/p>\n\n\n\n<p>Przedsi\u0119biorstwo Geologiczne EKO-GEO Suwa\u0142ki s.c. prowadzi dzia\u0142alno\u015b\u0107 od roku 1990. Jeste\u015bmy pierwsz\u0105 prywatn\u0105 firm\u0105 w p\u00f3\u0142nocno-wschodniej Polsce \u015bwiadcz\u0105c\u0105 kompleksowe us\u0142ugi geologiczne. Prowadzimy dzia\u0142alno\u015b\u0107 w zakresie prac hydrogeologicznych, geologii in\u017cynierskiej, geotechniki, geologii z\u0142\u00f3\u017c, gospodarki wodnej, ochrony \u015brodowiska i rob\u00f3t studziennych.&nbsp;<\/p>\n\n\n\n<p>Zach\u0119camy do zapoznania si\u0119 z aktualnym zakresem prowadzonej przez nas dzia\u0142alno\u015bci i ewentualne uwzgl\u0119dnienie jej we w\u0142asnych planach inwestycyjnych. Bogate do\u015bwiadczenie nabyte przy realizacji oferowanych us\u0142ug b\u0119dzie nam przyjemnie wykorzysta\u0107 dla Pa\u0144stwa potrzeb.&nbsp;<\/p>\n\n\n\n<p>W naszym przedsi\u0119biorstwie za priorytet uznajemy jako\u015b\u0107 oferowanych us\u0142ug. Odnosimy to zar\u00f3wno do merytorycznej warto\u015bci wykonywanych opracowa\u0144 projektowych i dokumentacyjnych, jak i do estetyki wykonywanych prac. W celu utrzymania wysokiego poziomu merytorycznego wykorzystujemy bogate do\u015bwiadczenie pracuj\u0105cych w naszej firmie fachowc\u00f3w, doskona\u0142\u0105 znajomo\u015b\u0107 terenu, bogate archiwum danych geologicznych oraz nowoczesne metody pracy.&nbsp;<\/p>\n\n\n\n<p>Poziom fachowy kadry naszego Przedsi\u0119biorstwa jest na bie\u017c\u0105co podnoszony poprzez uczestnictwo w kursach szkoleniowych i sympozjach problemowych. Wsp\u00f3\u0142pracujemy z pracownikami wy\u017cszych uczelni i instytut\u00f3w badawczych. Podnoszeniu kwalifikacji s\u0142u\u017cy r\u00f3wnie\u017c prowadzona wsp\u00f3\u0142praca i wymiana pogl\u0105d\u00f3w z pokrewnymi nam firmami z ca\u0142ej Polski.&nbsp;<\/p>\n\n\n\n<p>W realizacji rob\u00f3t studziennych zwracamy szczeg\u00f3ln\u0105 uwag\u0119 na spe\u0142nienie \u017c\u0105da\u0144 i \u017cycze\u0144 Inwestora. Zawsze stosujemy atestowane materia\u0142y wykluczaj\u0105ce konflikty z obowi\u0105zuj\u0105cymi normami, przepisami sanitarnymi oraz wymogami ochrony \u015brodowiska.&nbsp;<\/p>\n\n\n\n<p>Uprzejmie zapraszamy do wsp\u00f3\u0142pracy.&nbsp;<\/p>\n","protected":false},"excerpt":{"rendered":"<p>O nas Przedsi\u0119biorstwo Geologiczne EKO-GEO Suwa\u0142ki s.c. prowadzi dzia\u0142alno\u015b\u0107 od roku 1990. Jeste\u015bmy pierwsz\u0105 prywatn\u0105 firm\u0105 w p\u00f3\u0142nocno-wschodniej Polsce \u015bwiadcz\u0105c\u0105 kompleksowe us\u0142ugi geologiczne. Prowadzimy dzia\u0142alno\u015b\u0107 w zakresie prac hydrogeologicznych, geologii in\u017cynierskiej, geotechniki, geologii z\u0142\u00f3\u017c, gospodarki wodnej, ochrony \u015brodowiska i rob\u00f3t studziennych.&nbsp; Zach\u0119camy do zapoznania si\u0119 z aktualnym zakresem prowadzonej przez [&hellip;]<\/p>\n","protected":false},"author":1,"featured_media":65,"parent":0,"menu_order":0,"comment_status":"closed","ping_status":"closed","template":"","meta":{"ub_ctt_via":"","_monsterinsights_skip_tracking":false,"_monsterinsights_sitenote_active":false,"_monsterinsights_sitenote_note":"","_monsterinsights_sitenote_category":0,"footnotes":""},"class_list":["post-2","page","type-page","status-publish","has-post-thumbnail","hentry"],"featured_image_src":"https:\/\/ekogeosuwalki.pl\/wp-content\/uploads\/2022\/01\/info.jpg","_links":{"self":[{"href":"https:\/\/ekogeosuwalki.pl\/index.php\/wp-json\/wp\/v2\/pages\/2","targetHints":{"allow":["GET"]}}],"collection":[{"href":"https:\/\/ekogeosuwalki.pl\/index.php\/wp-json\/wp\/v2\/pages"}],"about":[{"href":"https:\/\/ekogeosuwalki.pl\/index.php\/wp-json\/wp\/v2\/types\/page"}],"author":[{"embeddable":true,"href":"https:\/\/ekogeosuwalki.pl\/index.php\/wp-json\/wp\/v2\/users\/1"}],"replies":[{"embeddable":true,"href":"https:\/\/ekogeosuwalki.pl\/index.php\/wp-json\/wp\/v2\/comments?post=2"}],"version-history":[{"count":5,"href":"https:\/\/ekogeosuwalki.pl\/index.php\/wp-json\/wp\/v2\/pages\/2\/revisions"}],"predecessor-version":[{"id":130,"href":"https:\/\/ekogeosuwalki.pl\/index.php\/wp-json\/wp\/v2\/pages\/2\/revisions\/130"}],"wp:featuredmedia":[{"embeddable":true,"href":"https:\/\/ekogeosuwalki.pl\/index.php\/wp-json\/wp\/v2\/media\/65"}],"wp:attachment":[{"href":"https:\/\/ekogeosuwalki.pl\/index.php\/wp-json\/wp\/v2\/media?parent=2"}],"curies":[{"name":"wp","href":"https:\/\/api.w.org\/{rel}","templated":true}]}}